{"id":518,"date":"2025-07-27T10:52:33","date_gmt":"2025-07-27T08:52:33","guid":{"rendered":"https:\/\/transparencia.arqtgn.cat\/qui-som\/"},"modified":"2025-07-29T10:41:44","modified_gmt":"2025-07-29T08:41:44","slug":"qui-som","status":"publish","type":"page","link":"https:\/\/transparencia.arqtgn.cat\/es\/qui-som\/","title":{"rendered":"\u00bfQui\u00e9nes somos?"},"content":{"rendered":"<p>[et_pb_section fb_built=\u00bb1&#8243; fullwidth=\u00bbon\u00bb _builder_version=\u00bb4.27.4&#8243; _module_preset=\u00bbdefault\u00bb global_colors_info=\u00bb{}\u00bb][et_pb_fullwidth_header title=\u00bb\u00bfQui\u00e9nes somos?\u00bb text_orientation=\u00bbcenter\u00bb _builder_version=\u00bb4.27.4&#8243; _module_preset=\u00bbdefault\u00bb title_font=\u00bb||||||||\u00bb title_font_size=\u00bb37px\u00bb custom_margin=\u00bb-3px||||false|false\u00bb custom_padding=\u00bb0px||0px||false|false\u00bb global_colors_info=\u00bb{}\u00bb][\/et_pb_fullwidth_header][\/et_pb_section][et_pb_section fb_built=\u00bb1&#8243; _builder_version=\u00bb4.27.4&#8243; _module_preset=\u00bbdefault\u00bb global_colors_info=\u00bb{}\u00bb][et_pb_row column_structure=\u00bb1_6,1_6,1_6,1_6,1_6,1_6&#8243; _builder_version=\u00bb4.27.4&#8243; _module_preset=\u00bbdefault\u00bb global_colors_info=\u00bb{}\u00bb][et_pb_column type=\u00bb1_6&#8243; _builder_version=\u00bb4.27.4&#8243; _module_preset=\u00bbdefault\u00bb global_colors_info=\u00bb{}\u00bb][et_pb_button button_url=\u00bbhttps:\/\/www.arquebisbattarragona.cat\/es\/arquebisbat\/historia\/\u00bb url_new_window=\u00bbon\u00bb button_text=\u00bbHist\u00f3ria\u00bb button_alignment=\u00bbcenter\u00bb admin_label=\u00bbBoto-historia\u00bb _builder_version=\u00bb4.27.4&#8243; _module_preset=\u00bbdefault\u00bb custom_button=\u00bbon\u00bb button_text_size=\u00bb17px\u00bb button_text_color=\u00bb#FFFFFF\u00bb button_bg_color=\u00bb#1d6ea9&#8243; global_colors_info=\u00bb{}\u00bb][\/et_pb_button][\/et_pb_column][et_pb_column type=\u00bb1_6&#8243; _builder_version=\u00bb4.27.4&#8243; _module_preset=\u00bbdefault\u00bb global_colors_info=\u00bb{}\u00bb][et_pb_button button_url=\u00bbhttps:\/\/www.arquebisbattarragona.cat\/es\/arquebisbat\/\u00bb url_new_window=\u00bbon\u00bb button_text=\u00bbEstructura diocesis\u00bb button_alignment=\u00bbcenter\u00bb admin_label=\u00bbEstructura\u00bb _builder_version=\u00bb4.27.4&#8243; _module_preset=\u00bbdefault\u00bb custom_button=\u00bbon\u00bb button_text_size=\u00bb17px\u00bb button_text_color=\u00bb#FFFFFF\u00bb button_bg_color=\u00bb#1d6ea9&#8243; global_colors_info=\u00bb{}\u00bb][\/et_pb_button][\/et_pb_column][et_pb_column type=\u00bb1_6&#8243; _builder_version=\u00bb4.27.4&#8243; _module_preset=\u00bbdefault\u00bb global_colors_info=\u00bb{}\u00bb][et_pb_button button_url=\u00bbhttps:\/\/transparencia.arqtgn.cat\/es\/qui-som\/organigrama\/\u00bb button_text=\u00bbOrganigrama\u00bb button_alignment=\u00bbcenter\u00bb admin_label=\u00bbOrganigrama\u00bb _builder_version=\u00bb4.27.4&#8243; _module_preset=\u00bbdefault\u00bb custom_button=\u00bbon\u00bb button_text_size=\u00bb17px\u00bb button_text_color=\u00bb#FFFFFF\u00bb button_bg_color=\u00bb#1d6ea9&#8243; global_colors_info=\u00bb{}\u00bb][\/et_pb_button][\/et_pb_column][et_pb_column type=\u00bb1_6&#8243; _builder_version=\u00bb4.27.4&#8243; _module_preset=\u00bbdefault\u00bb global_colors_info=\u00bb{}\u00bb][et_pb_button button_url=\u00bbhttps:\/\/transparencia.arqtgn.cat\/es\/qui-som\/parroquies\/\u00bb url_new_window=\u00bbon\u00bb button_text=\u00bbListado de parroquias\u00bb button_alignment=\u00bbcenter\u00bb admin_label=\u00bbBoto-Listado parroquias\u00bb _builder_version=\u00bb4.27.4&#8243; _module_preset=\u00bbdefault\u00bb custom_button=\u00bbon\u00bb button_text_size=\u00bb17px\u00bb button_text_color=\u00bb#FFFFFF\u00bb button_bg_color=\u00bb#1d6ea9&#8243; hover_enabled=\u00bb0&#8243; global_colors_info=\u00bb{}\u00bb sticky_enabled=\u00bb0&#8243;][\/et_pb_button][\/et_pb_column][et_pb_column type=\u00bb1_6&#8243; _builder_version=\u00bb4.27.4&#8243; _module_preset=\u00bbdefault\u00bb global_colors_info=\u00bb{}\u00bb][et_pb_button button_url=\u00bbhttps:\/\/www.arquebisbattarragona.cat\/es\/arquebisbat\/catedral-de-tarragona\/\u00bb url_new_window=\u00bbon\u00bb button_text=\u00bbCatedral\u00bb button_alignment=\u00bbcenter\u00bb admin_label=\u00bbCatedral\u00bb _builder_version=\u00bb4.27.4&#8243; _module_preset=\u00bbdefault\u00bb custom_button=\u00bbon\u00bb button_text_size=\u00bb17px\u00bb button_text_color=\u00bb#FFFFFF\u00bb button_bg_color=\u00bb#1d6ea9&#8243; global_colors_info=\u00bb{}\u00bb][\/et_pb_button][\/et_pb_column][et_pb_column type=\u00bb1_6&#8243; _builder_version=\u00bb4.27.4&#8243; _module_preset=\u00bbdefault\u00bb global_colors_info=\u00bb{}\u00bb][et_pb_button button_url=\u00bbhttps:\/\/www.arquebisbattarragona.cat\/es\/arquebisbat\/vida-consagrada\/\u00bb url_new_window=\u00bbon\u00bb button_text=\u00bbComunidades religiosas\u00bb button_alignment=\u00bbcenter\u00bb admin_label=\u00bbComunidades religiosas\u00bb _builder_version=\u00bb4.27.4&#8243; _module_preset=\u00bbdefault\u00bb custom_button=\u00bbon\u00bb button_text_size=\u00bb17px\u00bb button_text_color=\u00bb#FFFFFF\u00bb button_bg_color=\u00bb#1d6ea9&#8243; global_colors_info=\u00bb{}\u00bb][\/et_pb_button][\/et_pb_column][\/et_pb_row][et_pb_row _builder_version=\u00bb4.27.4&#8243; _module_preset=\u00bbdefault\u00bb global_colors_info=\u00bb{}\u00bb][et_pb_column type=\u00bb4_4&#8243; _builder_version=\u00bb4.27.4&#8243; _module_preset=\u00bbdefault\u00bb global_colors_info=\u00bb{}\u00bb][et_pb_divider _builder_version=\u00bb4.27.4&#8243; _module_preset=\u00bbdefault\u00bb global_colors_info=\u00bb{}\u00bb][\/et_pb_divider][et_pb_text _builder_version=\u00bb4.27.4&#8243; _module_preset=\u00bbdefault\u00bb global_colors_info=\u00bb{}\u00bb]<\/p>\n<p data-start=\"66\" data-end=\"586\"><strong data-start=\"66\" data-end=\"150\">La primera referencia documental a la Iglesia de Tarragona pertenece al a\u00f1o 259.<\/strong> El 21 de enero de ese a\u00f1o, el obispo Fructuoso y sus di\u00e1conos, Augurio y Eulogio, fueron quemados en el anfiteatro de la ciudad en cumplimiento de los decretos persecutorios de los emperadores Valeriano y Galieno. Las actas de su martirio, unas de las siete consideradas aut\u00e9nticas por la Iglesia, son el primer testimonio escrito sobre el cristianismo en la pen\u00ednsula, y presuponen la existencia de una Iglesia bien organizada y viva.<\/p>\n<hr data-start=\"588\" data-end=\"591\" \/>\n<h3 data-start=\"593\" data-end=\"659\"><strong data-start=\"597\" data-end=\"659\">La Provincia Eclesi\u00e1stica Tarraconense: di\u00f3cesis y obispos<\/strong><\/h3>\n<p data-start=\"661\" data-end=\"945\"><strong data-start=\"661\" data-end=\"674\">Tarragona<\/strong><br data-start=\"674\" data-end=\"677\" \/><strong data-start=\"677\" data-end=\"714\">Arzobispo metropolitano y primado<\/strong><br data-start=\"714\" data-end=\"717\" \/>Mons. Joan Planellas i Barnosell<br data-start=\"749\" data-end=\"752\" \/>Pla de Palau, 2. 43003 Tarragona.<br data-start=\"785\" data-end=\"788\" \/><strong>Tel.\u00a0<\/strong>977 23 34 12<br data-start=\"825\" data-end=\"828\" \/><strong>c\/e:<\/strong> <a class=\"cursor-pointer\" rel=\"noopener\" data-start=\"848\" data-end=\"870\">arquebisbat@arqtgn.cat<\/a><br data-start=\"870\" data-end=\"873\" \/><strong>Web:<\/strong>\u00a0<a class=\"\" href=\"http:\/\/www.arquebisbattarragona.cat\" target=\"_new\" rel=\"noopener\" data-start=\"878\" data-end=\"945\">www.arquebisbattarragona.cat<\/a><\/p>\n<hr data-start=\"947\" data-end=\"950\" \/>\n<h3 data-start=\"952\" data-end=\"980\"><strong data-start=\"956\" data-end=\"980\">Di\u00f3cesis sufrag\u00e1neas<\/strong><\/h3>\n<p data-start=\"982\" data-end=\"1222\"><strong data-start=\"982\" data-end=\"992\">Girona<\/strong><br data-start=\"992\" data-end=\"995\" \/><strong data-start=\"995\" data-end=\"1005\">Obispo<\/strong><br data-start=\"1005\" data-end=\"1008\" \/>Fray Octavi Vil\u00e0 Mayo, O. Cist.<br data-start=\"1039\" data-end=\"1042\" \/>Plaza del Vi, 2. 17004 Girona.<br data-start=\"1072\" data-end=\"1075\" \/><strong>Tel<\/strong>. 972 41 27 20<br data-start=\"1111\" data-end=\"1114\" \/><strong>Web:<\/strong>\u00a0<a class=\"\" href=\"http:\/\/www.bisbatgirona.cat\" target=\"_new\" rel=\"noopener\" data-start=\"1119\" data-end=\"1170\">www.bisbatgirona.cat<\/a><br data-start=\"1170\" data-end=\"1173\" \/><strong>c\/e:<\/strong> <a class=\"cursor-pointer\" rel=\"noopener\" data-start=\"1193\" data-end=\"1222\">bisbatgirona@bisbatgirona.cat<\/a><\/p>\n<hr data-start=\"1224\" data-end=\"1227\" \/>\n<p data-start=\"1229\" data-end=\"1471\"><strong data-start=\"1229\" data-end=\"1239\">Lleida<\/strong><br data-start=\"1239\" data-end=\"1242\" \/><strong data-start=\"1242\" data-end=\"1252\">Obispo<\/strong><br data-start=\"1252\" data-end=\"1255\" \/>Mons. Daniel Palau Valero<br data-start=\"1283\" data-end=\"1286\" \/>Calle del Obispo, 1. 25002 Lleida.<br data-start=\"1320\" data-end=\"1323\" \/><strong>Tel.<\/strong> 973 26 86 28<br data-start=\"1360\" data-end=\"1363\" \/><strong>Web:<\/strong>\u00a0<a class=\"\" href=\"http:\/\/www.bisbatlleida.org\" target=\"_new\" rel=\"noopener\" data-start=\"1368\" data-end=\"1419\">www.bisbatlleida.org<\/a><br data-start=\"1419\" data-end=\"1422\" \/><strong>c\/e:<\/strong> <a class=\"cursor-pointer\" rel=\"noopener\" data-start=\"1442\" data-end=\"1471\">bisbatlleida@bisbatlleida.org<\/a><\/p>\n<hr data-start=\"1473\" data-end=\"1476\" \/>\n<p data-start=\"1478\" data-end=\"1724\"><strong data-start=\"1478\" data-end=\"1489\">Solsona<\/strong><br data-start=\"1489\" data-end=\"1492\" \/><strong data-start=\"1492\" data-end=\"1502\">Obispo<\/strong><br data-start=\"1502\" data-end=\"1505\" \/>Mons. Francesc Conesa Ferrer<br data-start=\"1533\" data-end=\"1536\" \/>Plaza de Palau, 1. 25280 Solsona.<br data-start=\"1569\" data-end=\"1572\" \/><strong>Tel.<\/strong> 973 48 06 19<br data-start=\"1609\" data-end=\"1612\" \/><strong>Web:<\/strong>\u00a0<a class=\"\" href=\"http:\/\/www.bisbatsolsona.cat\" target=\"_new\" rel=\"noopener\" data-start=\"1617\" data-end=\"1670\">www.bisbatsolsona.cat<\/a><br data-start=\"1670\" data-end=\"1673\" \/><strong>c\/e:<\/strong> <a class=\"cursor-pointer\" rel=\"noopener\" data-start=\"1693\" data-end=\"1724\">bisbatsolsona@bisbatsolsona.cat<\/a><\/p>\n<hr data-start=\"1726\" data-end=\"1729\" \/>\n<p data-start=\"1731\" data-end=\"1962\"><strong data-start=\"1731\" data-end=\"1742\">Tortosa<\/strong><br data-start=\"1742\" data-end=\"1745\" \/><strong data-start=\"1745\" data-end=\"1755\">Obispo<\/strong><br data-start=\"1755\" data-end=\"1758\" \/>Mons. Sergi Gordo Rodr\u00edguez<br data-start=\"1785\" data-end=\"1788\" \/>Cruera, 5. 43500 Tortosa.<br data-start=\"1813\" data-end=\"1816\" \/><strong>Tel.<\/strong> 977 44 07 00<br data-start=\"1853\" data-end=\"1856\" \/><strong>Web:<\/strong>\u00a0<a class=\"\" href=\"http:\/\/www.bisbattortosa.org\" target=\"_new\" rel=\"noopener\" data-start=\"1861\" data-end=\"1914\">www.bisbattortosa.org<\/a><br data-start=\"1914\" data-end=\"1917\" \/><strong>c\/e:<\/strong> <a class=\"cursor-pointer\" rel=\"noopener\" data-start=\"1937\" data-end=\"1962\">bisbattortosa@planalfa.es<\/a><\/p>\n<hr data-start=\"1964\" data-end=\"1967\" \/>\n<p data-start=\"1969\" data-end=\"2246\"><strong data-start=\"1969\" data-end=\"1979\">Urgell<\/strong><br data-start=\"1979\" data-end=\"1982\" \/><strong data-start=\"1982\" data-end=\"1992\">Obispo<\/strong><br data-start=\"1992\" data-end=\"1995\" \/>Mons. Josep-Llu\u00eds Serrano Pentinat<br data-start=\"2050\" data-end=\"2053\" \/>Pati de Palau, 1-5. 25700 La Seu d\u2019Urgell<br data-start=\"2094\" data-end=\"2097\" \/><strong>Tel.<\/strong> 973 35 00 54<br data-start=\"2134\" data-end=\"2137\" \/><strong>Web:<\/strong>\u00a0<a class=\"\" href=\"http:\/\/www.bisbaturgell.org\" target=\"_new\" rel=\"noopener\" data-start=\"2142\" data-end=\"2193\">www.bisbaturgell.org<\/a><br data-start=\"2193\" data-end=\"2196\" \/><strong>c\/e:<\/strong> <a class=\"cursor-pointer\" rel=\"noopener\" data-start=\"2216\" data-end=\"2246\">vicarigeneral@bisbaturgell.org<\/a><\/p>\n<hr data-start=\"2248\" data-end=\"2251\" \/>\n<p data-start=\"2253\" data-end=\"2483\"><strong data-start=\"2253\" data-end=\"2260\">Vic<\/strong><br data-start=\"2260\" data-end=\"2263\" \/><strong data-start=\"2263\" data-end=\"2273\">Obispo<\/strong><br data-start=\"2273\" data-end=\"2276\" \/>Mons. Rom\u00e0 Casanova Casanova<br data-start=\"2304\" data-end=\"2307\" \/>Calle de Santa Mar\u00eda, 1. 08500 Vic.<br data-start=\"2342\" data-end=\"2345\" \/><strong>Tel.<\/strong> 93 883 26 55<br data-start=\"2382\" data-end=\"2385\" \/><strong>Web:<\/strong>\u00a0<a class=\"\" href=\"http:\/\/www.bisbatvic.com\" target=\"_new\" rel=\"noopener\" data-start=\"2390\" data-end=\"2435\">www.bisbatvic.com<\/a><br data-start=\"2435\" data-end=\"2438\" \/><strong>c\/e:<\/strong> <a class=\"cursor-pointer\" rel=\"noopener\" data-start=\"2458\" data-end=\"2483\">bisbatdevic@bisbatvic.com<\/a><\/p>\n<p>[\/et_pb_text][\/et_pb_column][\/et_pb_row][\/et_pb_section]<\/p>\n","protected":false},"excerpt":{"rendered":"<p>La primera referencia documental a la Iglesia de Tarragona pertenece al a\u00f1o 259. El 21 de enero de ese a\u00f1o, el obispo Fructuoso y sus di\u00e1conos, Augurio y Eulogio, fueron quemados en el anfiteatro de la ciudad en cumplimiento de los decretos persecutorios de los emperadores Valeriano y Galieno. Las actas de su martirio, unas [&hellip;]<\/p>\n","protected":false},"author":59,"featured_media":0,"parent":0,"menu_order":0,"comment_status":"closed","ping_status":"closed","template":"","meta":{"_et_pb_use_builder":"on","_et_pb_old_content":"","_et_gb_content_width":"","cybocfi_hide_featured_image":"","footnotes":""},"class_list":["post-518","page","type-page","status-publish","hentry"],"amp_enabled":true,"_links":{"self":[{"href":"https:\/\/transparencia.arqtgn.cat\/es\/wp-json\/wp\/v2\/pages\/518","targetHints":{"allow":["GET"]}}],"collection":[{"href":"https:\/\/transparencia.arqtgn.cat\/es\/wp-json\/wp\/v2\/pages"}],"about":[{"href":"https:\/\/transparencia.arqtgn.cat\/es\/wp-json\/wp\/v2\/types\/page"}],"author":[{"embeddable":true,"href":"https:\/\/transparencia.arqtgn.cat\/es\/wp-json\/wp\/v2\/users\/59"}],"replies":[{"embeddable":true,"href":"https:\/\/transparencia.arqtgn.cat\/es\/wp-json\/wp\/v2\/comments?post=518"}],"version-history":[{"count":9,"href":"https:\/\/transparencia.arqtgn.cat\/es\/wp-json\/wp\/v2\/pages\/518\/revisions"}],"predecessor-version":[{"id":553,"href":"https:\/\/transparencia.arqtgn.cat\/es\/wp-json\/wp\/v2\/pages\/518\/revisions\/553"}],"wp:attachment":[{"href":"https:\/\/transparencia.arqtgn.cat\/es\/wp-json\/wp\/v2\/media?parent=518"}],"curies":[{"name":"wp","href":"https:\/\/api.w.org\/{rel}","templated":true}]}}