{"id":539,"date":"2025-07-27T11:19:20","date_gmt":"2025-07-27T09:19:20","guid":{"rendered":"https:\/\/transparencia.arqtgn.cat\/qui-som\/organigrama\/"},"modified":"2025-07-28T18:31:48","modified_gmt":"2025-07-28T16:31:48","slug":"organigrama","status":"publish","type":"page","link":"https:\/\/transparencia.arqtgn.cat\/es\/qui-som\/organigrama\/","title":{"rendered":"Organigrama"},"content":{"rendered":"<p>[et_pb_section fb_built=\u00bb1&#8243; fullwidth=\u00bbon\u00bb _builder_version=\u00bb4.27.4&#8243; _module_preset=\u00bbdefault\u00bb global_colors_info=\u00bb{}\u00bb][et_pb_fullwidth_header title=\u00bbOrganigrama\u00bb text_orientation=\u00bbcenter\u00bb _builder_version=\u00bb4.27.4&#8243; _module_preset=\u00bbdefault\u00bb title_font=\u00bb||||||||\u00bb title_font_size=\u00bb37px\u00bb custom_margin=\u00bb-3px||||false|false\u00bb custom_padding=\u00bb0px||0px||false|false\u00bb global_colors_info=\u00bb{}\u00bb][\/et_pb_fullwidth_header][\/et_pb_section][et_pb_section fb_built=\u00bb1&#8243; _builder_version=\u00bb4.27.4&#8243; _module_preset=\u00bbdefault\u00bb global_colors_info=\u00bb{}\u00bb][et_pb_row column_structure=\u00bb3_5,2_5&#8243; _builder_version=\u00bb4.27.4&#8243; _module_preset=\u00bbdefault\u00bb global_colors_info=\u00bb{}\u00bb][et_pb_column type=\u00bb3_5&#8243; _builder_version=\u00bb4.27.4&#8243; _module_preset=\u00bbdefault\u00bb global_colors_info=\u00bb{}\u00bb][et_pb_image src=\u00bbhttps:\/\/transparencia.arqtgn.cat\/wp-content\/uploads\/sites\/125\/2025\/07\/Organigrama2025_Esp.jpg\u00bb title_text=\u00bbOrganigrama2025_Esp\u00bb _builder_version=\u00bb4.27.4&#8243; _module_preset=\u00bbdefault\u00bb hover_enabled=\u00bb0&#8243; global_colors_info=\u00bb{}\u00bb sticky_enabled=\u00bb0&#8243;][\/et_pb_image][\/et_pb_column][et_pb_column type=\u00bb2_5&#8243; _builder_version=\u00bb4.27.4&#8243; _module_preset=\u00bbdefault\u00bb global_colors_info=\u00bb{}\u00bb][et_pb_text _builder_version=\u00bb4.27.4&#8243; _module_preset=\u00bbdefault\u00bb hover_enabled=\u00bb0&#8243; global_colors_info=\u00bb{}\u00bb sticky_enabled=\u00bb0&#8243;]<\/p>\n<h1><a href=\"https:\/\/www.arquebisbattarragona.cat\/es\/arquebisbe\/\">ARZOBISPO \u00bb<\/a><\/h1>\n<h3><a href=\"https:\/\/www.arquebisbattarragona.cat\/es\/arquebisbat\/catedral-de-tarragona\/\">Cabildo Catedral \u00bb<\/a><\/h3>\n<h1><a href=\"https:\/\/www.arquebisbattarragona.cat\/es\/arquebisbat\/organos-consultivos\/\">\u00d3rganos consultivos \u00bb<\/a><\/h1>\n<ul>\n<li>Consejo Episcopal<\/li>\n<li>Consejo Pastoral Diocesano<\/li>\n<li>Consejo de Presbiterio<\/li>\n<li>Colegio de Consultores<\/li>\n<li>Consejo de Arciprestes<\/li>\n<li>Consejo de asuntos econ\u00f3micos<\/li>\n<\/ul>\n<h1><a href=\"https:\/\/www.arquebisbattarragona.cat\/es\/arquebisbat\/organos-judiciales\/\">\u00d3rganos Judiciales\u00bb<\/a><\/h1>\n<ul>\n<li>Oficina para la prevenci\u00f3n de abusos<\/li>\n<li>Vicaria judicial<\/li>\n<li>Tribunal metropolitano<\/li>\n<\/ul>\n<h1><a href=\"https:\/\/www.arquebisbattarragona.cat\/arquebisbat\/area-pastoral\/\">\u00c1rea de Pastoral (delegaciones) \u00bb<\/a><\/h1>\n<h1><a href=\"https:\/\/www.arquebisbattarragona.cat\/es\/arquebisbat\/area-admistrativa-laboral\/\">\u00c1rea administrativa y laboral \u00bb<\/a><\/h1>\n<ul>\n<li>Oficina de transparencia<\/li>\n<li>Cancelleria<\/li>\n<li>Secretraria Genreal<\/li>\n<\/ul>\n<h1><a href=\"https:\/\/www.arquebisbattarragona.cat\/es\/arquebisbat\/area-economica-i-patrimonial\/\">\u00c1rea econ\u00f3mica y patrimonial \u00bb<\/a><\/h1>\n<ul>\n<li>Secretar\u00eda t\u00e9cnica para la gesti\u00f3n y conservaci\u00f3n de los bienes del Arzobispado<\/li>\n<li>Secretar\u00eda t\u00e9cnica para el patrimonio inmueble (Delegaci\u00f3n para la Cultura)<\/li>\n<li>Secretar\u00eda t\u00e9cnica para el patrimonio mueble<\/li>\n<\/ul>\n<h1><a href=\"https:\/\/www.arquebisbattarragona.cat\/es\/arquebisbat\/area-de-comunicacio\/\">\u00c1rea de Comunicaci\u00f3n \u00bb<\/a><\/h1>\n<hr \/>\n<h2>\u00c0MBIT TERRITORIAL<\/h2>\n<h3><a href=\"https:\/\/www.arquebisbattarragona.cat\/es\/arquebisbat\/organitzacio-territorial\/arxiprestat-de-lalt-camp\/\">Arciprestazgo de l&#8217;Alt Camp \u00bb<\/a><\/h3>\n<h3><a href=\"https:\/\/www.arquebisbattarragona.cat\/es\/arquebisbat\/organitzacio-territorial\/arxiprestat-del-baix-camp-priorat\/\">Arciprestazgo del Baix Camp-Priorat \u00bb<\/a><\/h3>\n<h3><a href=\"https:\/\/www.arquebisbattarragona.cat\/es\/arquebisbat\/organitzacio-territorial\/arxiprestat-del-baix-penedes\/\">Arciprestazgo del Baix Pened\u00e8s \u00bb<\/a><\/h3>\n<h3><a href=\"https:\/\/www.arquebisbattarragona.cat\/es\/arquebisbat\/organitzacio-territorial\/arxiprestat-de-la-conca-urgell-garrigues\/\">Arciprestazgo de la Conca-Urgell-Garrigues \u00bb<\/a><\/h3>\n<h3><a href=\"https:\/\/www.arquebisbattarragona.cat\/es\/arquebisbat\/organitzacio-territorial\/arxiprestat-del-tarragones\/\">Arciprestazgo del Tarragon\u00e8s \u00bb<\/a><\/h3>\n<p>[\/et_pb_text][\/et_pb_column][\/et_pb_row][\/et_pb_section]<\/p>\n","protected":false},"excerpt":{"rendered":"<p>ARZOBISPO \u00bb Cabildo Catedral \u00bb \u00d3rganos consultivos \u00bb Consejo Episcopal Consejo Pastoral Diocesano Consejo de Presbiterio Colegio de Consultores Consejo de Arciprestes Consejo de asuntos econ\u00f3micos \u00d3rganos Judiciales\u00bb Oficina para la prevenci\u00f3n de abusos Vicaria judicial Tribunal metropolitano \u00c1rea de Pastoral (delegaciones) \u00bb \u00c1rea administrativa y laboral \u00bb Oficina de transparencia Cancelleria Secretraria Genreal \u00c1rea [&hellip;]<\/p>\n","protected":false},"author":59,"featured_media":0,"parent":518,"menu_order":0,"comment_status":"closed","ping_status":"closed","template":"","meta":{"_et_pb_use_builder":"on","_et_pb_old_content":"","_et_gb_content_width":"","cybocfi_hide_featured_image":"","footnotes":""},"class_list":["post-539","page","type-page","status-publish","hentry"],"amp_enabled":true,"_links":{"self":[{"href":"https:\/\/transparencia.arqtgn.cat\/es\/wp-json\/wp\/v2\/pages\/539","targetHints":{"allow":["GET"]}}],"collection":[{"href":"https:\/\/transparencia.arqtgn.cat\/es\/wp-json\/wp\/v2\/pages"}],"about":[{"href":"https:\/\/transparencia.arqtgn.cat\/es\/wp-json\/wp\/v2\/types\/page"}],"author":[{"embeddable":true,"href":"https:\/\/transparencia.arqtgn.cat\/es\/wp-json\/wp\/v2\/users\/59"}],"replies":[{"embeddable":true,"href":"https:\/\/transparencia.arqtgn.cat\/es\/wp-json\/wp\/v2\/comments?post=539"}],"version-history":[{"count":2,"href":"https:\/\/transparencia.arqtgn.cat\/es\/wp-json\/wp\/v2\/pages\/539\/revisions"}],"predecessor-version":[{"id":542,"href":"https:\/\/transparencia.arqtgn.cat\/es\/wp-json\/wp\/v2\/pages\/539\/revisions\/542"}],"up":[{"embeddable":true,"href":"https:\/\/transparencia.arqtgn.cat\/es\/wp-json\/wp\/v2\/pages\/518"}],"wp:attachment":[{"href":"https:\/\/transparencia.arqtgn.cat\/es\/wp-json\/wp\/v2\/media?parent=539"}],"curies":[{"name":"wp","href":"https:\/\/api.w.org\/{rel}","templated":true}]}}