{"id":574,"date":"2025-07-27T12:38:37","date_gmt":"2025-07-27T10:38:37","guid":{"rendered":"https:\/\/transparencia.arqtgn.cat\/informacio-economica\/relacio-de-bens-immobles-urbans-i-rustics\/"},"modified":"2025-07-29T13:50:42","modified_gmt":"2025-07-29T11:50:42","slug":"relacio-de-bens-immobles-urbans-i-rustics","status":"publish","type":"page","link":"https:\/\/transparencia.arqtgn.cat\/es\/informacio-economica\/relacio-de-bens-immobles-urbans-i-rustics\/","title":{"rendered":"Relaci\u00f3n de bienes inmuebles urbanos y r\u00fasticos"},"content":{"rendered":"<p>[et_pb_section fb_built=\u00bb1&#8243; fullwidth=\u00bbon\u00bb _builder_version=\u00bb4.27.4&#8243; _module_preset=\u00bbdefault\u00bb global_colors_info=\u00bb{}\u00bb][et_pb_fullwidth_header title=\u00bbRelaci\u00f3n de bienes inmuebles urbanos y r\u00fasticos\u00bb text_orientation=\u00bbcenter\u00bb _builder_version=\u00bb4.27.4&#8243; _module_preset=\u00bbdefault\u00bb title_font=\u00bb||||||||\u00bb title_font_size=\u00bb37px\u00bb custom_margin=\u00bb-3px||||false|false\u00bb custom_padding=\u00bb0px||0px||false|false\u00bb hover_enabled=\u00bb0&#8243; global_colors_info=\u00bb{}\u00bb sticky_enabled=\u00bb0&#8243;][\/et_pb_fullwidth_header][\/et_pb_section][et_pb_section fb_built=\u00bb1&#8243; _builder_version=\u00bb4.27.4&#8243; _module_preset=\u00bbdefault\u00bb global_colors_info=\u00bb{}\u00bb][et_pb_row _builder_version=\u00bb4.27.4&#8243; _module_preset=\u00bbdefault\u00bb global_colors_info=\u00bb{}\u00bb][et_pb_column type=\u00bb4_4&#8243; _builder_version=\u00bb4.27.4&#8243; _module_preset=\u00bbdefault\u00bb global_colors_info=\u00bb{}\u00bb][et_pb_text _builder_version=\u00bb4.27.4&#8243; _module_preset=\u00bbdefault\u00bb text_font=\u00bb|600||on|||||\u00bb text_text_color=\u00bb#0C71C3&#8243; text_font_size=\u00bb20px\u00bb background_color=\u00bbrgba(63,131,193,0.22)\u00bb text_orientation=\u00bbcenter\u00bb hover_enabled=\u00bb0&#8243; global_colors_info=\u00bb{}\u00bb sticky_enabled=\u00bb0&#8243;]<\/p>\n<p>Relaci\u00f3n de bienes inmuebles urbanos<\/p>\n<p>[\/et_pb_text][et_pb_code _builder_version=\u00bb4.27.4&#8243; _module_preset=\u00bbdefault\u00bb global_colors_info=\u00bb{}\u00bb]<iframe loading=\"lazy\" src=\"https:\/\/www.arquebisbattarragona.cat\/wp-content\/uploads\/2025\/05\/Llistat_immobles-urbans-2.pdf\" height=\"500x\" width=\"1100\"><\/iframe><!-- [et_pb_line_break_holder] -->[\/et_pb_code][et_pb_text _builder_version=\u00bb4.27.4&#8243; _module_preset=\u00bbdefault\u00bb text_font=\u00bb|600||on|||||\u00bb text_text_color=\u00bb#0C71C3&#8243; text_font_size=\u00bb20px\u00bb background_color=\u00bbrgba(63,131,193,0.22)\u00bb text_orientation=\u00bbcenter\u00bb hover_enabled=\u00bb0&#8243; global_colors_info=\u00bb{}\u00bb sticky_enabled=\u00bb0&#8243;]<\/p>\n<p>Relaci\u00f3n de bienes inmuebles r\u00fasticos<\/p>\n<p>[\/et_pb_text][et_pb_code _builder_version=\u00bb4.27.4&#8243; _module_preset=\u00bbdefault\u00bb global_colors_info=\u00bb{}\u00bb]<iframe loading=\"lazy\" src=\"https:\/\/www.arquebisbattarragona.cat\/wp-content\/uploads\/2025\/05\/Llista_immobles-rustics-1.pdf\" height=\"500px\" width=\"1100\"><\/iframe>[\/et_pb_code][\/et_pb_column][\/et_pb_row][\/et_pb_section]<\/p>\n","protected":false},"excerpt":{"rendered":"<p>Relaci\u00f3n de bienes inmuebles urbanosRelaci\u00f3n de bienes inmuebles r\u00fasticos<\/p>\n","protected":false},"author":59,"featured_media":0,"parent":557,"menu_order":0,"comment_status":"closed","ping_status":"closed","template":"","meta":{"_et_pb_use_builder":"on","_et_pb_old_content":"","_et_gb_content_width":"","cybocfi_hide_featured_image":"","footnotes":""},"class_list":["post-574","page","type-page","status-publish","hentry"],"amp_enabled":true,"_links":{"self":[{"href":"https:\/\/transparencia.arqtgn.cat\/es\/wp-json\/wp\/v2\/pages\/574","targetHints":{"allow":["GET"]}}],"collection":[{"href":"https:\/\/transparencia.arqtgn.cat\/es\/wp-json\/wp\/v2\/pages"}],"about":[{"href":"https:\/\/transparencia.arqtgn.cat\/es\/wp-json\/wp\/v2\/types\/page"}],"author":[{"embeddable":true,"href":"https:\/\/transparencia.arqtgn.cat\/es\/wp-json\/wp\/v2\/users\/59"}],"replies":[{"embeddable":true,"href":"https:\/\/transparencia.arqtgn.cat\/es\/wp-json\/wp\/v2\/comments?post=574"}],"version-history":[{"count":3,"href":"https:\/\/transparencia.arqtgn.cat\/es\/wp-json\/wp\/v2\/pages\/574\/revisions"}],"predecessor-version":[{"id":578,"href":"https:\/\/transparencia.arqtgn.cat\/es\/wp-json\/wp\/v2\/pages\/574\/revisions\/578"}],"up":[{"embeddable":true,"href":"https:\/\/transparencia.arqtgn.cat\/es\/wp-json\/wp\/v2\/pages\/557"}],"wp:attachment":[{"href":"https:\/\/transparencia.arqtgn.cat\/es\/wp-json\/wp\/v2\/media?parent=574"}],"curies":[{"name":"wp","href":"https:\/\/api.w.org\/{rel}","templated":true}]}}