{"id":603,"date":"2025-07-28T16:50:46","date_gmt":"2025-07-28T14:50:46","guid":{"rendered":"https:\/\/transparencia.arqtgn.cat\/qui-som\/oficina-de-transparencia\/"},"modified":"2025-07-29T13:36:30","modified_gmt":"2025-07-29T11:36:30","slug":"oficina-de-transparencia","status":"publish","type":"page","link":"https:\/\/transparencia.arqtgn.cat\/es\/qui-som\/oficina-de-transparencia\/","title":{"rendered":"Oficina de transparencia"},"content":{"rendered":"<p>[et_pb_section fb_built=\u00bb1&#8243; _builder_version=\u00bb4.27.4&#8243; _module_preset=\u00bbdefault\u00bb global_colors_info=\u00bb{}\u00bb][et_pb_row column_structure=\u00bb1_3,2_3&#8243; _builder_version=\u00bb4.27.4&#8243; _module_preset=\u00bbdefault\u00bb global_colors_info=\u00bb{}\u00bb][et_pb_column type=\u00bb1_3&#8243; _builder_version=\u00bb4.27.4&#8243; _module_preset=\u00bbdefault\u00bb global_colors_info=\u00bb{}\u00bb][et_pb_image src=\u00bbhttps:\/\/transparencia.arqtgn.cat\/wp-content\/uploads\/sites\/125\/2025\/07\/CV-Maria-Jose-de-Artaza.jpg\u00bb title_text=\u00bbCV-Maria-Jose-de-Artaza\u00bb _builder_version=\u00bb4.27.4&#8243; _module_preset=\u00bbdefault\u00bb transform_scale=\u00bb66%|66%\u00bb custom_margin=\u00bb-31px||||false|false\u00bb global_colors_info=\u00bb{}\u00bb][\/et_pb_image][\/et_pb_column][et_pb_column type=\u00bb2_3&#8243; _builder_version=\u00bb4.27.4&#8243; _module_preset=\u00bbdefault\u00bb global_colors_info=\u00bb{}\u00bb][et_pb_text _builder_version=\u00bb4.27.4&#8243; _module_preset=\u00bbdefault\u00bb hover_enabled=\u00bb0&#8243; global_colors_info=\u00bb{}\u00bb sticky_enabled=\u00bb0&#8243;]<\/p>\n<p><em>Coordinadora de la Oficna de Transparencia y compliance<br \/><\/em>Mar\u00eda Jos\u00e9 de Artaza y Torres<br \/><strong>c\/e: <\/strong><a href=\"mailto:oficinatransparfencia@arqtgn.cat\">oficinatransparfencia@arqtgn.cat<\/a><\/p>\n<p><a href=\"https:\/\/www.arquebisbattarragona.cat\/2024\/07\/26\/boat-n-654-26-07-2024\/\" target=\"_blank\" rel=\"noopener\">Nombramiento<\/a> realizado por el arzobispo de Tarragona Joan Planelles Barnosell, como Coordinadora de la oficina de transparencia y <em>compliance<\/em>. Duraci\u00f3n de los cargos hasta el 3 de septiembre de 2027\u2014Abogado en ejercicio, Colegiada 120.406 del Ilustre Colegio de Abogados de Madrid.<br \/>\u2014Especializaci\u00f3n en Consultor\u00eda y asesor\u00eda Juridica laboral, fiscal y tributaria, contable y normativa.<br \/>\u2014Asesora jur\u00eddica laboral, fiscal, tributaria y normativa.<br \/>\u2014Responsable de la ejecuci\u00f3n de auditor\u00edas socio-laborales de entidades religiosas.<br \/>\u2014Consultor Senior: Especializado en las \u00e1reas de\u00a0 budgeting, forecasting, implantaci\u00f3n y supervisi\u00f3n de sistemas de control de gesti\u00f3n, sistemas normalizados (ISO-9001, ISO-14.000, ISO-27.000) aplicados a las normas de cumplimiento normativo, reporting gestional y an\u00e1lisis econ\u00f3mico-financieros.<\/p>\n<p class=\"et_pb_toggle_title\"><a href=\"https:\/\/www.arquebisbattarragona.cat\/wp-content\/uploads\/2024\/02\/Reglament-portal-transparencia.pdf\" target=\"_blank\" rel=\"noopener\"><strong>Reglamento de la Oficina de Transparencia y rendici\u00f3n de cuentas del Arzobispado de Tarragona \u00bb<\/strong><\/a><\/p>\n<p>[\/et_pb_text][\/et_pb_column][\/et_pb_row][\/et_pb_section]<\/p>\n","protected":false},"excerpt":{"rendered":"<p>Coordinadora de la Oficna de Transparencia y complianceMar\u00eda Jos\u00e9 de Artaza y Torresc\/e: oficinatransparfencia@arqtgn.cat Nombramiento realizado por el arzobispo de Tarragona Joan Planelles Barnosell, como Coordinadora de la oficina de transparencia y compliance. Duraci\u00f3n de los cargos hasta el 3 de septiembre de 2027\u2014Abogado en ejercicio, Colegiada 120.406 del Ilustre Colegio de Abogados de Madrid.\u2014Especializaci\u00f3n [&hellip;]<\/p>\n","protected":false},"author":59,"featured_media":0,"parent":518,"menu_order":0,"comment_status":"closed","ping_status":"closed","template":"","meta":{"_et_pb_use_builder":"on","_et_pb_old_content":"","_et_gb_content_width":"","cybocfi_hide_featured_image":"","footnotes":""},"class_list":["post-603","page","type-page","status-publish","hentry"],"amp_enabled":true,"_links":{"self":[{"href":"https:\/\/transparencia.arqtgn.cat\/es\/wp-json\/wp\/v2\/pages\/603","targetHints":{"allow":["GET"]}}],"collection":[{"href":"https:\/\/transparencia.arqtgn.cat\/es\/wp-json\/wp\/v2\/pages"}],"about":[{"href":"https:\/\/transparencia.arqtgn.cat\/es\/wp-json\/wp\/v2\/types\/page"}],"author":[{"embeddable":true,"href":"https:\/\/transparencia.arqtgn.cat\/es\/wp-json\/wp\/v2\/users\/59"}],"replies":[{"embeddable":true,"href":"https:\/\/transparencia.arqtgn.cat\/es\/wp-json\/wp\/v2\/comments?post=603"}],"version-history":[{"count":3,"href":"https:\/\/transparencia.arqtgn.cat\/es\/wp-json\/wp\/v2\/pages\/603\/revisions"}],"predecessor-version":[{"id":608,"href":"https:\/\/transparencia.arqtgn.cat\/es\/wp-json\/wp\/v2\/pages\/603\/revisions\/608"}],"up":[{"embeddable":true,"href":"https:\/\/transparencia.arqtgn.cat\/es\/wp-json\/wp\/v2\/pages\/518"}],"wp:attachment":[{"href":"https:\/\/transparencia.arqtgn.cat\/es\/wp-json\/wp\/v2\/media?parent=603"}],"curies":[{"name":"wp","href":"https:\/\/api.w.org\/{rel}","templated":true}]}}